{"id":6264,"date":"2019-02-13T13:56:13","date_gmt":"2019-02-13T14:04:55","guid":{"rendered":"https:\/\/shop.wales.ac.uk\/?post_type=product&#038;p=6264"},"modified":"2019-05-29T11:57:56","modified_gmt":"2019-05-29T10:57:56","slug":"gwaith-ieuan-gethin","status":"publish","type":"product","link":"https:\/\/shop.wales.ac.uk\/cy\/cynnyrch\/gwaith-ieuan-gethin\/","title":{"rendered":"Gwaith Ieuan Gethin"},"content":{"rendered":"","protected":false},"excerpt":{"rendered":"<p><span style=\"line-height: 107%;font-family: 'Georgia',serif;font-size: 12pt\"><span style=\"color: #000000\">Golygwyd gan: Ann Parry Owen<\/span><\/span><\/p>\n<p><span style=\"line-height: 107%;font-family: 'Georgia',serif;font-size: 12pt\"><span style=\"color: #000000\">Cyhoeddwyd: 2013<\/span><\/span><\/p>\n<p><span style=\"line-height: 107%;font-family: 'Georgia',serif;font-size: 12pt\"><span style=\"color: #000000\">ISBN: 978-1-907029-12-7<\/span><\/span><\/p>\n<p><span style=\"line-height: 107%;font-family: 'Georgia',serif;font-size: 12pt\"><span style=\"color: #000000\">Cyhoeddwr: Canolfan Uwchefrydiau Cymreig a Cheltaidd Prifysgol Cymru<\/span><\/span><\/p>\n<p><span style=\"line-height: 107%;font-family: 'Georgia',serif;font-size: 12pt\"><span style=\"color: #000000\">Maint: 234 x 156mm<\/span><\/span><\/p>\n<p><span style=\"line-height: 107%;font-family: 'Georgia',serif;font-size: 12pt\"><span style=\"color: #000000\">Fformat: Clawr papur, xviii+189<\/span><\/span><\/p>\n<p><span style=\"line-height: 107%;font-family: 'Georgia',serif;font-size: 12pt\"><span style=\"color: #000000\">Bardd-uchelwr o Faglan ger Abertawe oedd Ieuan Gethin (fl. 1405\u201361), g\u0175r a gymerodd ran yng ngwrthryfel Owain Glynd\u0175r ym Morgannwg yn negawd cyntaf y bymthegfed ganrif. Deg cerdd yn unig a gadwyd wrth ei enw, ond y mae amrywiaeth ei bynciau yn fawr, a chawn ganddo arlwy gwahanol i\u2019r cerddi mawl a marwnad arferol a gynhyrchai ei gyfoeswyr proffesiynol. Ceir yma sawl cerdd stor\u00efol lawn hiwmor a ffraethineb, lle y mae\u2019n ei bortreadu ei hun fel hen ddyn y daw troeon trwstan i\u2019w ran: lladron yn difa ei nythod gwenyn gwyllt, llwynog yn dwyn yr \u0175ydd y bu\u2019n ei phesgi at y Nadolig, a\u2019i brofiad poenus yn dal clefyd gwenerol ar \u00f4l cyfathrach \u00e2 merch hardd. Yn y casgliad hefyd ceir dwy gerdd bwysig i Owain Tudur o linach Penmynydd M\u00f4n (taid Harri VII) a dwy gerdd ddirdynnol a gyfansoddodd Ieuan yn sgil marwolaeth ei ferch a\u2019i fab, Si\u00f4n, o\u2019r pla du. Gallwn uniaethu\u2019n llwyr \u00e2\u2019i alar yn y cerddi hyn, ymatebion cwbl bersonol sydd yn rhydd o gonfensiynau arferol y canu marwnad.<\/span><\/span><\/p>\n<p>&nbsp;<\/p>\n<p>&nbsp;<\/p>\n","protected":false},"featured_media":6248,"comment_status":"open","ping_status":"closed","template":"","meta":[],"product_brand":[],"product_cat":[43,44],"product_tag":[],"class_list":{"0":"post-6264","1":"product","2":"type-product","3":"status-publish","4":"has-post-thumbnail","6":"product_cat-y-ganolfan-geltaidd","7":"product_cat-cyhoeddiadau-diweddar","9":"first","10":"instock","11":"purchasable","12":"product-type-simple"},"_links":{"self":[{"href":"https:\/\/shop.wales.ac.uk\/cy\/wp-json\/wp\/v2\/product\/6264","targetHints":{"allow":["GET"]}}],"collection":[{"href":"https:\/\/shop.wales.ac.uk\/cy\/wp-json\/wp\/v2\/product"}],"about":[{"href":"https:\/\/shop.wales.ac.uk\/cy\/wp-json\/wp\/v2\/types\/product"}],"replies":[{"embeddable":true,"href":"https:\/\/shop.wales.ac.uk\/cy\/wp-json\/wp\/v2\/comments?post=6264"}],"wp:featuredmedia":[{"embeddable":true,"href":"https:\/\/shop.wales.ac.uk\/cy\/wp-json\/wp\/v2\/media\/6248"}],"wp:attachment":[{"href":"https:\/\/shop.wales.ac.uk\/cy\/wp-json\/wp\/v2\/media?parent=6264"}],"wp:term":[{"taxonomy":"product_brand","embeddable":true,"href":"https:\/\/shop.wales.ac.uk\/cy\/wp-json\/wp\/v2\/product_brand?post=6264"},{"taxonomy":"product_cat","embeddable":true,"href":"https:\/\/shop.wales.ac.uk\/cy\/wp-json\/wp\/v2\/product_cat?post=6264"},{"taxonomy":"product_tag","embeddable":true,"href":"https:\/\/shop.wales.ac.uk\/cy\/wp-json\/wp\/v2\/product_tag?post=6264"}],"curies":[{"name":"wp","href":"https:\/\/api.w.org\/{rel}","templated":true}]}}