{"id":6320,"date":"2019-02-18T13:36:32","date_gmt":"2019-02-18T13:39:09","guid":{"rendered":"https:\/\/shop.wales.ac.uk\/?post_type=product&#038;p=6320"},"modified":"2019-05-29T12:02:02","modified_gmt":"2019-05-29T11:02:02","slug":"gwaith-raff-ap-robert","status":"publish","type":"product","link":"https:\/\/shop.wales.ac.uk\/cy\/cynnyrch\/gwaith-raff-ap-robert\/","title":{"rendered":"Gwaith Raff ap Robert"},"content":{"rendered":"","protected":false},"excerpt":{"rendered":"<p><span style=\"line-height: 107%;font-family: 'Georgia',serif;font-size: 12pt\"><span style=\"color: #000000\">Golygwyd gan: A. Cynfael Lake <\/span><\/span><\/p>\n<p><span style=\"line-height: 107%;font-family: 'Georgia',serif;font-size: 12pt\"><span style=\"color: #000000\">Cyhoeddwyd: 2013 <\/span><\/span><\/p>\n<p><span style=\"line-height: 107%;font-family: 'Georgia',serif;font-size: 12pt\"><span style=\"color: #000000\">ISBN: 978-1-907029-05-9 <\/span><\/span><\/p>\n<p><span style=\"line-height: 107%;font-family: 'Georgia',serif;font-size: 12pt\"><span style=\"color: #000000\">Cyhoeddwr: Canolfan Uwchefrydiau Cymreig a Cheltaidd Prifysgol Cymru <\/span><\/span><\/p>\n<p><span style=\"line-height: 107%;font-family: 'Georgia',serif;font-size: 12pt\"><span style=\"color: #000000\">Maint: 234 x 156mm <\/span><\/span><\/p>\n<p><span style=\"line-height: 107%;font-family: 'Georgia',serif;font-size: 12pt\"><span style=\"color: #000000\">Fformat: Clawr papur, xv+155 <\/span><\/span><\/p>\n<p><span style=\"line-height: 107%;font-family: 'Georgia',serif;font-size: 12pt\"><span style=\"color: #000000\">Yn \u00f4l Si\u00f4n Tudur, g\u0175r \u2018tiriog\u2019 a oedd yn canu \u2018ar ei fara ei hun\u2019 oedd Raff ap Robert o blwyf Llanynys yng nghantref Dyffryn Clwyd, a diau fod a wnelo hynny \u00e2 phynciau ac \u00e2 daearyddiaeth y cerddi a gynullwyd ac a olygwyd yn y casgliad hwn. Gwelir bod y rhan fwyaf o\u2019r canu yn perthyn i ddyffryn afon Clwyd a\u2019r cyffiniau. Un gerdd foliant sydd yma ond ceir sawl marwnad, ac yn eu plith un i Dudur Aled ac un arall i Si\u00f4n Salbri, g\u0175r cyntaf Catrin o Ferain. At hyn, diogelwyd un cywydd serch ac un cywydd defosiynol yn ogystal \u00e2 lliaws o englynion, rhai yn ddwys, eraill yn ysgafn a hwyliog eu cywair. Bu Raff yn ymwneud \u00e2 beirdd a cherddorion ei oes, ac yn ymryson \u00e2 dau mor wahanol i\u2019w gilydd \u00e2 Si\u00f4n Tudur a Robin Clidro. <\/span><\/span><\/p>\n<p>&nbsp;<\/p>\n<p>&nbsp;<\/p>\n","protected":false},"featured_media":6318,"comment_status":"open","ping_status":"closed","template":"","meta":[],"product_brand":[],"product_cat":[44,43],"product_tag":[],"class_list":{"0":"post-6320","1":"product","2":"type-product","3":"status-publish","4":"has-post-thumbnail","6":"product_cat-cyhoeddiadau-diweddar","7":"product_cat-y-ganolfan-geltaidd","9":"first","10":"instock","11":"purchasable","12":"product-type-simple"},"_links":{"self":[{"href":"https:\/\/shop.wales.ac.uk\/cy\/wp-json\/wp\/v2\/product\/6320","targetHints":{"allow":["GET"]}}],"collection":[{"href":"https:\/\/shop.wales.ac.uk\/cy\/wp-json\/wp\/v2\/product"}],"about":[{"href":"https:\/\/shop.wales.ac.uk\/cy\/wp-json\/wp\/v2\/types\/product"}],"replies":[{"embeddable":true,"href":"https:\/\/shop.wales.ac.uk\/cy\/wp-json\/wp\/v2\/comments?post=6320"}],"wp:featuredmedia":[{"embeddable":true,"href":"https:\/\/shop.wales.ac.uk\/cy\/wp-json\/wp\/v2\/media\/6318"}],"wp:attachment":[{"href":"https:\/\/shop.wales.ac.uk\/cy\/wp-json\/wp\/v2\/media?parent=6320"}],"wp:term":[{"taxonomy":"product_brand","embeddable":true,"href":"https:\/\/shop.wales.ac.uk\/cy\/wp-json\/wp\/v2\/product_brand?post=6320"},{"taxonomy":"product_cat","embeddable":true,"href":"https:\/\/shop.wales.ac.uk\/cy\/wp-json\/wp\/v2\/product_cat?post=6320"},{"taxonomy":"product_tag","embeddable":true,"href":"https:\/\/shop.wales.ac.uk\/cy\/wp-json\/wp\/v2\/product_tag?post=6320"}],"curies":[{"name":"wp","href":"https:\/\/api.w.org\/{rel}","templated":true}]}}