{"id":6403,"date":"2019-02-25T14:54:26","date_gmt":"2019-02-25T14:56:14","guid":{"rendered":"https:\/\/shop.wales.ac.uk\/?post_type=product&#038;p=6403"},"modified":"2019-05-29T12:08:11","modified_gmt":"2019-05-29T11:08:11","slug":"gwaith-rhys-goch-eryri","status":"publish","type":"product","link":"https:\/\/shop.wales.ac.uk\/cy\/cynnyrch\/gwaith-rhys-goch-eryri\/","title":{"rendered":"Gwaith Rhys Goch Eryri"},"content":{"rendered":"","protected":false},"excerpt":{"rendered":"<p>Golygwyd gan: Dylan Foster Evans<\/p>\n<p>Cyhoeddwyd: 2007<\/p>\n<p>ISBN: 978-0-947531-97-3<\/p>\n<p>Cyhoeddwr: Canolfan Uwchefrydiau Cymreig a Cheltaidd Prifysgol Cymru<\/p>\n<p>Maint: 234 x 156mm<\/p>\n<p>Fformat: Clawr papur, xxii+294<\/p>\n<p>Yr oedd Rhys Goch Eryri o Nanmor ger Beddgelert yn un o feirdd pwysicaf Cymru yn ystod y blynyddoedd wedi methiant gwrthryfel Glynd\u0175r. Bu un o\u2019i hynafiaid yn teithio ar gyfandir Ewrop yn aelod o lys y brenin Edward I, a chrwydrodd Rhys Goch yntau o F\u00f4n i Went gan ymweld \u00e2 chanolfannau nawdd ymhlith y pwysicaf yn hanes barddoniaeth Gymraeg, megis y Penrhyn, Llandyg\u00e1i a Rhaglan. Canai ar drothwy oes aur Beirdd yr Uchelwyr, ac y mae ei farddoniaeth yn ddrych i\u2019r cymhlethdodau diwylliannol a gwleidyddol a nodweddai Gymru ar ddechrau\u2019r bymthegfed ganrif. Y mae ei ymateb i gerddi gan Lywelyn ab y Moel a Si\u00f4n Cent o bwysigrwydd sylfaenol wrth olrhain syniadaeth ei oes am darddiad a diben barddoniaeth Gymraeg. Nid oedd ychwaith yn brin o synnwyr digrifwch, a dengys ei waith ei barodrwydd i chwerthin am ei ben ei hun yn ogystal \u00e2 dychanu eraill. Er mai cymharol fychan yw maint ei gynnyrch, dyma fardd sy\u2019n dangos cyfoeth amrywiol y cyfnod ar ei orau.<\/p>\n<p>&nbsp;<\/p>\n","protected":false},"featured_media":6402,"comment_status":"open","ping_status":"closed","template":"","meta":[],"product_brand":[],"product_cat":[44,43],"product_tag":[],"class_list":{"0":"post-6403","1":"product","2":"type-product","3":"status-publish","4":"has-post-thumbnail","6":"product_cat-cyhoeddiadau-diweddar","7":"product_cat-y-ganolfan-geltaidd","9":"first","10":"instock","11":"purchasable","12":"product-type-simple"},"_links":{"self":[{"href":"https:\/\/shop.wales.ac.uk\/cy\/wp-json\/wp\/v2\/product\/6403","targetHints":{"allow":["GET"]}}],"collection":[{"href":"https:\/\/shop.wales.ac.uk\/cy\/wp-json\/wp\/v2\/product"}],"about":[{"href":"https:\/\/shop.wales.ac.uk\/cy\/wp-json\/wp\/v2\/types\/product"}],"replies":[{"embeddable":true,"href":"https:\/\/shop.wales.ac.uk\/cy\/wp-json\/wp\/v2\/comments?post=6403"}],"wp:featuredmedia":[{"embeddable":true,"href":"https:\/\/shop.wales.ac.uk\/cy\/wp-json\/wp\/v2\/media\/6402"}],"wp:attachment":[{"href":"https:\/\/shop.wales.ac.uk\/cy\/wp-json\/wp\/v2\/media?parent=6403"}],"wp:term":[{"taxonomy":"product_brand","embeddable":true,"href":"https:\/\/shop.wales.ac.uk\/cy\/wp-json\/wp\/v2\/product_brand?post=6403"},{"taxonomy":"product_cat","embeddable":true,"href":"https:\/\/shop.wales.ac.uk\/cy\/wp-json\/wp\/v2\/product_cat?post=6403"},{"taxonomy":"product_tag","embeddable":true,"href":"https:\/\/shop.wales.ac.uk\/cy\/wp-json\/wp\/v2\/product_tag?post=6403"}],"curies":[{"name":"wp","href":"https:\/\/api.w.org\/{rel}","templated":true}]}}