{"id":6548,"date":"2019-03-06T13:47:27","date_gmt":"2019-03-06T13:48:37","guid":{"rendered":"https:\/\/shop.wales.ac.uk\/?post_type=product&#038;p=6548"},"modified":"2019-05-29T12:49:26","modified_gmt":"2019-05-29T11:49:26","slug":"gwaith-mathau-brwmffild","status":"publish","type":"product","link":"https:\/\/shop.wales.ac.uk\/cy\/cynnyrch\/gwaith-mathau-brwmffild\/","title":{"rendered":"Gwaith Mathau Brwmffild"},"content":{"rendered":"","protected":false},"excerpt":{"rendered":"<p>Golygwyd gan: A. Cynfael Lake<\/p>\n<p>Cyhoeddwyd: 2002<\/p>\n<p>ISBN: 978-0-947531-76-8<\/p>\n<p>Cyhoeddwr: Canolfan Uwchefrydiau Cymreig a Cheltaidd Prifysgol Cymru<\/p>\n<p>Maint: 234 x 156mm<\/p>\n<p>Fformat: Clawr papur, xv+129<\/p>\n<p>Ymddengys mai clerwr crwydrol o Faelor Gymraeg oedd Mathau Brwmffild a chanai rhwng tua 1530 a 1545. Erys ar glawr un ar hugain o\u2019i gerddi, yn awdlau, yn gywyddau ac yn englynion, a\u2019r cyfan, ac eithrio un cywydd serch, yn gerddi defodol. Yr hyn sy\u2019n hynod ynghylch ei ganu yw ei fod yn cyfarch uchelwyr o bob rhan o Gymru. Ymwelodd \u00e2 chartrefi yn siroedd M\u00f4n, Arfon, Meirion, Dinbych, y Fflint, Caerfyrddin ac Aberteifi. Canodd glodydd uchelwyr a fwynh\u00e2i gwmn\u00efaeth y beirdd, gw\u0177r megis Syr Wiliam Gruffudd o\u2019r Penrhyn, Lewys Gwyn, Trefesgob, a Gruffudd Dwnn, Ystradmerthyr, ond canodd hefyd i unigolion na wyddys am unrhyw ganu arall iddynt.<\/p>\n<p>&nbsp;<\/p>\n","protected":false},"featured_media":6547,"comment_status":"open","ping_status":"closed","template":"","meta":[],"product_brand":[],"product_cat":[44,43],"product_tag":[],"class_list":{"0":"post-6548","1":"product","2":"type-product","3":"status-publish","4":"has-post-thumbnail","6":"product_cat-cyhoeddiadau-diweddar","7":"product_cat-y-ganolfan-geltaidd","9":"first","10":"instock","11":"purchasable","12":"product-type-simple"},"_links":{"self":[{"href":"https:\/\/shop.wales.ac.uk\/cy\/wp-json\/wp\/v2\/product\/6548","targetHints":{"allow":["GET"]}}],"collection":[{"href":"https:\/\/shop.wales.ac.uk\/cy\/wp-json\/wp\/v2\/product"}],"about":[{"href":"https:\/\/shop.wales.ac.uk\/cy\/wp-json\/wp\/v2\/types\/product"}],"replies":[{"embeddable":true,"href":"https:\/\/shop.wales.ac.uk\/cy\/wp-json\/wp\/v2\/comments?post=6548"}],"wp:featuredmedia":[{"embeddable":true,"href":"https:\/\/shop.wales.ac.uk\/cy\/wp-json\/wp\/v2\/media\/6547"}],"wp:attachment":[{"href":"https:\/\/shop.wales.ac.uk\/cy\/wp-json\/wp\/v2\/media?parent=6548"}],"wp:term":[{"taxonomy":"product_brand","embeddable":true,"href":"https:\/\/shop.wales.ac.uk\/cy\/wp-json\/wp\/v2\/product_brand?post=6548"},{"taxonomy":"product_cat","embeddable":true,"href":"https:\/\/shop.wales.ac.uk\/cy\/wp-json\/wp\/v2\/product_cat?post=6548"},{"taxonomy":"product_tag","embeddable":true,"href":"https:\/\/shop.wales.ac.uk\/cy\/wp-json\/wp\/v2\/product_tag?post=6548"}],"curies":[{"name":"wp","href":"https:\/\/api.w.org\/{rel}","templated":true}]}}