{"id":6594,"date":"2019-03-07T15:18:27","date_gmt":"2019-03-07T15:19:22","guid":{"rendered":"https:\/\/shop.wales.ac.uk\/?post_type=product&#038;p=6594"},"modified":"2019-05-29T13:04:17","modified_gmt":"2019-05-29T12:04:17","slug":"gwaith-gruffudd-llwyd-ar-llygliwiaid-eraill","status":"publish","type":"product","link":"https:\/\/shop.wales.ac.uk\/cy\/cynnyrch\/gwaith-gruffudd-llwyd-ar-llygliwiaid-eraill\/","title":{"rendered":"Gwaith Gruffudd Llwyd a&#8217;r Llygliwiaid Eraill"},"content":{"rendered":"","protected":false},"excerpt":{"rendered":"<p>Golygwyd gan: Rhiannon Ifans<\/p>\n<p>Cyhoeddwyd: 2000<\/p>\n<p>ISBN: 978-0-947531-16-4<\/p>\n<p>Cyhoeddwr: Canolfan Uwchefrydiau Cymreig a Cheltaidd Prifysgol Cymru<\/p>\n<p>Maint: 234 x 156mm<\/p>\n<p>Fformat: Clawr papur, xxi+359<\/p>\n<p>Teulu o feirdd y cysylltir eu henwau \u00e2 Phowys ac \u00e2 Meirionnydd oedd teulu\u2019r Llygliwiaid. Canodd Llywelyn ap Gwilym Lygliw ar y testun \u2018Gweledigaeth Pawl yn Uffern\u2019 gan rybuddio yn erbyn dychrynfeydd y byd a ddaw ac annog gwell buchedd yn y byd hwn. Canodd Rhys ap Dafydd Llwyd ap Llywelyn Lygliw gywydd serch yn gofidio ynghylch swildod y bardd yng ng\u0175ydd ei gariad, a chanodd Hywel ab Einion Lygliw awdl foliant enwog i Fyfanwy Fychan o Gastell Dinas Br\u00e2n yn Llangollen. Yr oedd Hywel ab Einion yn ewythr i Ruffudd Llwyd, un o feirdd pwysicaf Owain Glynd\u0175r.<\/p>\n<p>Golygwyd yma ddwy ar bymtheg o gerddi o waith Gruffudd Llwyd, ynghyd ag un cywydd serch y tybir ei fod yn gywydd o\u2019i waith. Mawrygwyd Gruffudd Llwyd gan ei gyfoeswyr fel bardd serch a chrefydd. Canodd hefyd gasgliad o gerddi nodedig iawn i uchelwyr Cymreig, yn eu mysg ddau gywydd mawl i Owain Glynd\u0175r o gyfnod cyn dechrau\u2019r Gwrthryfel ym mis Medi 1400. Canodd yn ogystal i ysblander yr haul, a\u2019r ysblander hwnnw yn ddarlun o oleuni deallusol a chynhesrwydd anian gw\u0177r Morgannwg.<\/p>\n<p>Dyma fardd dychmygus, dysgedig, a disgybledig. Ysywaeth, fe gollwyd canran uchel o\u2019i waith dros y canrifoedd, ond serch hynny fe gadwyd yn y gyfrol hon flas o waith un o gywyddwyr disgleiriaf ei oes.<\/p>\n<p>&nbsp;<\/p>\n","protected":false},"featured_media":6593,"comment_status":"open","ping_status":"closed","template":"","meta":[],"product_brand":[],"product_cat":[44,43],"product_tag":[],"class_list":{"0":"post-6594","1":"product","2":"type-product","3":"status-publish","4":"has-post-thumbnail","6":"product_cat-cyhoeddiadau-diweddar","7":"product_cat-y-ganolfan-geltaidd","9":"first","10":"instock","11":"purchasable","12":"product-type-simple"},"_links":{"self":[{"href":"https:\/\/shop.wales.ac.uk\/cy\/wp-json\/wp\/v2\/product\/6594","targetHints":{"allow":["GET"]}}],"collection":[{"href":"https:\/\/shop.wales.ac.uk\/cy\/wp-json\/wp\/v2\/product"}],"about":[{"href":"https:\/\/shop.wales.ac.uk\/cy\/wp-json\/wp\/v2\/types\/product"}],"replies":[{"embeddable":true,"href":"https:\/\/shop.wales.ac.uk\/cy\/wp-json\/wp\/v2\/comments?post=6594"}],"wp:featuredmedia":[{"embeddable":true,"href":"https:\/\/shop.wales.ac.uk\/cy\/wp-json\/wp\/v2\/media\/6593"}],"wp:attachment":[{"href":"https:\/\/shop.wales.ac.uk\/cy\/wp-json\/wp\/v2\/media?parent=6594"}],"wp:term":[{"taxonomy":"product_brand","embeddable":true,"href":"https:\/\/shop.wales.ac.uk\/cy\/wp-json\/wp\/v2\/product_brand?post=6594"},{"taxonomy":"product_cat","embeddable":true,"href":"https:\/\/shop.wales.ac.uk\/cy\/wp-json\/wp\/v2\/product_cat?post=6594"},{"taxonomy":"product_tag","embeddable":true,"href":"https:\/\/shop.wales.ac.uk\/cy\/wp-json\/wp\/v2\/product_tag?post=6594"}],"curies":[{"name":"wp","href":"https:\/\/api.w.org\/{rel}","templated":true}]}}