{"id":7365,"date":"2019-05-22T14:47:27","date_gmt":"2019-05-22T13:48:44","guid":{"rendered":"https:\/\/shop.wales.ac.uk\/?post_type=product&#038;p=7365"},"modified":"2019-05-29T13:23:52","modified_gmt":"2019-05-29T12:23:52","slug":"anwir-anwedhys-y-mae-yn-i-ysgrifennv-ymma-rhai-o-ymylnodau-edward-lhwyd","status":"publish","type":"product","link":"https:\/\/shop.wales.ac.uk\/cy\/cynnyrch\/anwir-anwedhys-y-mae-yn-i-ysgrifennv-ymma-rhai-o-ymylnodau-edward-lhwyd\/","title":{"rendered":"\u2018Anwir anwedhys y mae yn i ysgrifennv ymma\u2019: Rhai o ymylnodau Edward Lhwyd"},"content":{"rendered":"","protected":false},"excerpt":{"rendered":"<p>Awdur: Brynley F. Roberts<\/p>\n<p>Cyhoeddwyd: 2009<\/p>\n<p>ISBN: 978-1-907029-00-4<\/p>\n<p>Cyhoeddwr: Canolfan Uwchefrydiau Cymreig a Cheltaidd Prifysgol Cymru<\/p>\n<p>Maint: 210 x 138 mm<\/p>\n<p>Fformat: Clawr papur, 48 tt.<\/p>\n<p>Y mae ar gael tua 63 o lyfrau sy\u2019n dwyn nodau perchenogaeth Edward Lhwyd, ond gwyddys y bu ganddo yn ei feddiant lawer mwy o lyfrau na hynny. Ceir nodiadau ymyl y ddalen ganddo mewn 13 o\u2019r rhain, yn eu plith llyfrau megis <em>Le Sacr\u00e9 Coll\u00e8ge de J\u00e9sus<\/em> gan Julien Maunoir (1659), <em>Grammatica Latino-Hibernica<\/em> Francis O Molloy, a argraffwyd yn Rhufain ym 1677, a <em>Commentarioli Britannicae Descriptionis Fragmentum <\/em>(1572), llyfr olaf y meddyg, yr hynafiaethydd a\u2019r hanesydd Humphrey Lhuyd. Yn y ddarlith hon, a gyhoeddir i nodi tri chanmlwyddiant marw Edward Lhwyd, manylir ar gynnwys ei ymylnodau diddorol a dadlennol.<\/p>\n<p>&nbsp;<\/p>\n","protected":false},"featured_media":7364,"comment_status":"open","ping_status":"closed","template":"","meta":[],"product_brand":[],"product_cat":[44,43],"product_tag":[],"class_list":{"0":"post-7365","1":"product","2":"type-product","3":"status-publish","4":"has-post-thumbnail","6":"product_cat-cyhoeddiadau-diweddar","7":"product_cat-y-ganolfan-geltaidd","9":"first","10":"instock","11":"purchasable","12":"product-type-simple"},"_links":{"self":[{"href":"https:\/\/shop.wales.ac.uk\/cy\/wp-json\/wp\/v2\/product\/7365","targetHints":{"allow":["GET"]}}],"collection":[{"href":"https:\/\/shop.wales.ac.uk\/cy\/wp-json\/wp\/v2\/product"}],"about":[{"href":"https:\/\/shop.wales.ac.uk\/cy\/wp-json\/wp\/v2\/types\/product"}],"replies":[{"embeddable":true,"href":"https:\/\/shop.wales.ac.uk\/cy\/wp-json\/wp\/v2\/comments?post=7365"}],"wp:featuredmedia":[{"embeddable":true,"href":"https:\/\/shop.wales.ac.uk\/cy\/wp-json\/wp\/v2\/media\/7364"}],"wp:attachment":[{"href":"https:\/\/shop.wales.ac.uk\/cy\/wp-json\/wp\/v2\/media?parent=7365"}],"wp:term":[{"taxonomy":"product_brand","embeddable":true,"href":"https:\/\/shop.wales.ac.uk\/cy\/wp-json\/wp\/v2\/product_brand?post=7365"},{"taxonomy":"product_cat","embeddable":true,"href":"https:\/\/shop.wales.ac.uk\/cy\/wp-json\/wp\/v2\/product_cat?post=7365"},{"taxonomy":"product_tag","embeddable":true,"href":"https:\/\/shop.wales.ac.uk\/cy\/wp-json\/wp\/v2\/product_tag?post=7365"}],"curies":[{"name":"wp","href":"https:\/\/api.w.org\/{rel}","templated":true}]}}